{"id":2225,"date":"2018-06-05T19:44:28","date_gmt":"2018-06-05T19:44:28","guid":{"rendered":"http:\/\/www.adoptaocasa.ro\/?page_id=2225"},"modified":"2018-06-05T19:44:28","modified_gmt":"2018-06-05T19:44:28","slug":"icomos-recomanda-inscrierea-rosiei-montane-in-lista-patrimoniului-mondial-si-in-lista-patrimoniului-mondial-in-pericol","status":"publish","type":"page","link":"https:\/\/www.adoptaocasa.ro\/en\/despre-rosia-montana\/icomos-recomanda-inscrierea-rosiei-montane-in-lista-patrimoniului-mondial-si-in-lista-patrimoniului-mondial-in-pericol","title":{"rendered":"(RO) ICOMOS recomand\u0103 \u00eenscrierea Ro\u0219iei Montane \u00een Lista Patrimoniului Mondial \u015fi \u00een Lista Patrimoniului Mondial \u00een Pericol."},"content":{"rendered":"<p class=\"qtranxs-available-languages-message qtranxs-available-languages-message-en\">Sorry, this entry is only available in <a href=\"https:\/\/www.adoptaocasa.ro\/ro\/wp-json\/wp\/v2\/pages\/2225\" class=\"qtranxs-available-language-link qtranxs-available-language-link-ro\" title=\"RO\">Romanian<\/a>.<\/p>","protected":false},"excerpt":{"rendered":"<p>Sorry, this entry is only available in Romanian.<\/p>\n","protected":false},"author":2,"featured_media":2222,"parent":170,"menu_order":0,"comment_status":"closed","ping_status":"closed","template":"","meta":{"_mi_skip_tracking":false,"_monsterinsights_sitenote_active":false,"_monsterinsights_sitenote_note":"","_monsterinsights_sitenote_category":0},"_links":{"self":[{"href":"https:\/\/www.adoptaocasa.ro\/en\/wp-json\/wp\/v2\/pages\/2225"}],"collection":[{"href":"https:\/\/www.adoptaocasa.ro\/en\/wp-json\/wp\/v2\/pages"}],"about":[{"href":"https:\/\/www.adoptaocasa.ro\/en\/wp-json\/wp\/v2\/types\/page"}],"author":[{"embeddable":true,"href":"https:\/\/www.adoptaocasa.ro\/en\/wp-json\/wp\/v2\/users\/2"}],"replies":[{"embeddable":true,"href":"https:\/\/www.adoptaocasa.ro\/en\/wp-json\/wp\/v2\/comments?post=2225"}],"version-history":[{"count":1,"href":"https:\/\/www.adoptaocasa.ro\/en\/wp-json\/wp\/v2\/pages\/2225\/revisions"}],"predecessor-version":[{"id":2226,"href":"https:\/\/www.adoptaocasa.ro\/en\/wp-json\/wp\/v2\/pages\/2225\/revisions\/2226"}],"up":[{"embeddable":true,"href":"https:\/\/www.adoptaocasa.ro\/en\/wp-json\/wp\/v2\/pages\/170"}],"wp:featuredmedia":[{"embeddable":true,"href":"https:\/\/www.adoptaocasa.ro\/en\/wp-json\/wp\/v2\/media\/2222"}],"wp:attachment":[{"href":"https:\/\/www.adoptaocasa.ro\/en\/wp-json\/wp\/v2\/media?parent=2225"}],"curies":[{"name":"wp","href":"https:\/\/api.w.org\/{rel}","templated":true}]}}