{"id":170,"date":"2012-07-26T17:14:04","date_gmt":"2012-07-26T17:14:04","guid":{"rendered":"http:\/\/dev.adoptaocasa.ro\/?page_id=170"},"modified":"2012-08-01T20:58:09","modified_gmt":"2012-08-01T20:58:09","slug":"despre-rosia-montana","status":"publish","type":"page","link":"https:\/\/www.adoptaocasa.ro\/en\/despre-rosia-montana","title":{"rendered":"About Ro\u0219ia Montan\u0103"},"content":{"rendered":"<p><\/p>\n<p>Ro\u015fia Montan\u0103 is one of the most important and recognized historic sites in Romania. Its 50 listed historic monuments, among which 7 are designated of national and universal value, the numerous valuable historic structures and facilities, as well as its special historic and natural environment, describe the uniqueness of the cultural heritage of Ro\u015fia Montan\u0103 in national and universal context.<\/p>\n<p>We invite you to go through the following studies and articles referring to the importance of the major components, necessary for a correct appreciation of the site and for understanding the importance of its urgent protection.<\/p>\n\t\t<article class=\"post hentry box\">\n\t\t\t\t\t\t\t<figure class=\"post-thumbnail\">\n\t\t\t\t\t<a href=\"https:\/\/www.adoptaocasa.ro\/en\/despre-rosia-montana\/icomos-recomanda-inscrierea-rosiei-montane-in-lista-patrimoniului-mondial-si-in-lista-patrimoniului-mondial-in-pericol\" rel=\"bookmark\">\n\t\t\t\t\t\t<img width=\"222\" height=\"222\" src=\"https:\/\/www.adoptaocasa.ro\/wp-content\/uploads\/2018\/06\/32650030_1004211706420510_5872966605859717120_n-222x222.jpg\" class=\"attachment-ara-thumb size-ara-thumb wp-post-image\" alt=\"\" loading=\"lazy\" srcset=\"https:\/\/www.adoptaocasa.ro\/wp-content\/uploads\/2018\/06\/32650030_1004211706420510_5872966605859717120_n-222x222.jpg 222w, https:\/\/www.adoptaocasa.ro\/wp-content\/uploads\/2018\/06\/32650030_1004211706420510_5872966605859717120_n-150x150.jpg 150w, https:\/\/www.adoptaocasa.ro\/wp-content\/uploads\/2018\/06\/32650030_1004211706420510_5872966605859717120_n-300x300.jpg 300w, https:\/\/www.adoptaocasa.ro\/wp-content\/uploads\/2018\/06\/32650030_1004211706420510_5872966605859717120_n-768x768.jpg 768w, https:\/\/www.adoptaocasa.ro\/wp-content\/uploads\/2018\/06\/32650030_1004211706420510_5872966605859717120_n-75x75.jpg 75w, https:\/\/www.adoptaocasa.ro\/wp-content\/uploads\/2018\/06\/32650030_1004211706420510_5872966605859717120_n-700x700.jpg 700w, https:\/\/www.adoptaocasa.ro\/wp-content\/uploads\/2018\/06\/32650030_1004211706420510_5872966605859717120_n.jpg 800w\" sizes=\"(max-width: 222px) 100vw, 222px\" \/>\t\t\t\t\t<\/a>\n\t\t\t\t<\/figure>\n\t\t\t\t\t\t<h3><a href=\"https:\/\/www.adoptaocasa.ro\/en\/despre-rosia-montana\/icomos-recomanda-inscrierea-rosiei-montane-in-lista-patrimoniului-mondial-si-in-lista-patrimoniului-mondial-in-pericol\" rel=\"bookmark\">(RO) ICOMOS recomand\u0103 \u00eenscrierea Ro\u0219iei Montane \u00een Lista Patrimoniului Mondial \u015fi \u00een Lista Patrimoniului Mondial \u00een Pericol.<\/a><\/h3>\n\t\t\t<section class=\"entry-summary\">\n\t\t\t\t<p>Sorry, this entry is only available in Romanian.<\/p>\n\t\t\t<\/section>\n\t\t<\/article>\n\t\t\t<article class=\"post hentry box\">\n\t\t\t\t\t\t\t<figure class=\"post-thumbnail\">\n\t\t\t\t\t<a href=\"https:\/\/www.adoptaocasa.ro\/en\/despre-rosia-montana\/inscriptia-romana-din-fatada-casei-din-piata-centrala-nr-321\" rel=\"bookmark\">\n\t\t\t\t\t\t<img width=\"222\" height=\"222\" src=\"https:\/\/www.adoptaocasa.ro\/wp-content\/uploads\/2017\/06\/04_materiale_replica-222x222.jpg\" class=\"attachment-ara-thumb size-ara-thumb wp-post-image\" alt=\"\" loading=\"lazy\" srcset=\"https:\/\/www.adoptaocasa.ro\/wp-content\/uploads\/2017\/06\/04_materiale_replica-222x222.jpg 222w, https:\/\/www.adoptaocasa.ro\/wp-content\/uploads\/2017\/06\/04_materiale_replica-150x150.jpg 150w, https:\/\/www.adoptaocasa.ro\/wp-content\/uploads\/2017\/06\/04_materiale_replica-75x75.jpg 75w\" sizes=\"(max-width: 222px) 100vw, 222px\" \/>\t\t\t\t\t<\/a>\n\t\t\t\t<\/figure>\n\t\t\t\t\t\t<h3><a href=\"https:\/\/www.adoptaocasa.ro\/en\/despre-rosia-montana\/inscriptia-romana-din-fatada-casei-din-piata-centrala-nr-321\" rel=\"bookmark\">(RO) \u00censcrip\u021bia roman\u0103 din fa\u021bada casei din Pia\u0163a central\u0103 (nr. 321)<\/a><\/h3>\n\t\t\t<section class=\"entry-summary\">\n\t\t\t\t<p>Sorry, this entry is only available in Romanian.<\/p>\n\t\t\t<\/section>\n\t\t<\/article>\n\t\t\t<article class=\"post hentry box\">\n\t\t\t\t\t\t\t<figure class=\"post-thumbnail\">\n\t\t\t\t\t<a href=\"https:\/\/www.adoptaocasa.ro\/en\/despre-rosia-montana\/rosia-montana-o-privire-de-ansamblu-asupra-problemei-patrimoniului-cultural-stefan-balici\" rel=\"bookmark\">\n\t\t\t\t\t\t<img width=\"222\" height=\"222\" src=\"https:\/\/www.adoptaocasa.ro\/wp-content\/uploads\/2013\/06\/012-222x222.jpg\" class=\"attachment-ara-thumb size-ara-thumb wp-post-image\" alt=\"\" loading=\"lazy\" srcset=\"https:\/\/www.adoptaocasa.ro\/wp-content\/uploads\/2013\/06\/012-222x222.jpg 222w, https:\/\/www.adoptaocasa.ro\/wp-content\/uploads\/2013\/06\/012-150x150.jpg 150w, https:\/\/www.adoptaocasa.ro\/wp-content\/uploads\/2013\/06\/012-75x75.jpg 75w\" sizes=\"(max-width: 222px) 100vw, 222px\" \/>\t\t\t\t\t<\/a>\n\t\t\t\t<\/figure>\n\t\t\t\t\t\t<h3><a href=\"https:\/\/www.adoptaocasa.ro\/en\/despre-rosia-montana\/rosia-montana-o-privire-de-ansamblu-asupra-problemei-patrimoniului-cultural-stefan-balici\" rel=\"bookmark\">Ro\u015fia Montan\u0103: An Overview on the Question of Cultural Heritage (\u0218tefan B\u00e2lici)<\/a><\/h3>\n\t\t\t<section class=\"entry-summary\">\n\t\t\t\t<p>Ro\u015fia Montan\u0103 (County Alba, Romania) is a gold mining site known and exploited since Roman or even pre-Roman times until the recent past. Traditional, family- or small group-operated mining has been going on for roughly two millennia, with even farther precedents, and lasted until the 1948 Communist nationalization, making of this place one of the &#8230;<\/p>\n\t\t\t<\/section>\n\t\t<\/article>\n\t\t\t<article class=\"post hentry box\">\n\t\t\t\t\t\t\t<figure class=\"post-thumbnail\">\n\t\t\t\t\t<a href=\"https:\/\/www.adoptaocasa.ro\/en\/despre-rosia-montana\/date-generale\" rel=\"bookmark\">\n\t\t\t\t\t\t<img width=\"222\" height=\"222\" src=\"https:\/\/www.adoptaocasa.ro\/wp-content\/uploads\/2012\/07\/Ulita-03-222x222.jpg\" class=\"attachment-ara-thumb size-ara-thumb wp-post-image\" alt=\"\" loading=\"lazy\" srcset=\"https:\/\/www.adoptaocasa.ro\/wp-content\/uploads\/2012\/07\/Ulita-03-222x222.jpg 222w, https:\/\/www.adoptaocasa.ro\/wp-content\/uploads\/2012\/07\/Ulita-03-150x150.jpg 150w, https:\/\/www.adoptaocasa.ro\/wp-content\/uploads\/2012\/07\/Ulita-03-75x75.jpg 75w\" sizes=\"(max-width: 222px) 100vw, 222px\" \/>\t\t\t\t\t<\/a>\n\t\t\t\t<\/figure>\n\t\t\t\t\t\t<h3><a href=\"https:\/\/www.adoptaocasa.ro\/en\/despre-rosia-montana\/date-generale\" rel=\"bookmark\">Ro\u015fia Montan\u0103 &#8211; Date generale referitoare la localizare, istoric, evolu\u0163ia fondului construit \u015fi a structurii urbane, repere ale evolu\u0163iei istorice a structurii etnice \u015fi a ocupa\u0163iilor (Asocia\u0163ia ARA)<\/a><\/h3>\n\t\t\t<section class=\"entry-summary\">\n\t\t\t\t<p>Only available in Romanian. Repere geografice \u015fi topografia general\u0103. Localitatea Ro\u015fia Montan\u0103 este a\u015fezat\u0103 \u00een Mun\u0163ii Apuseni, la o distan\u0163\u0103 de aproximativ 11 km de ora\u015ful Abrud, 15 km fa\u0163\u0103 de ora\u015ful C\u00e2mpeni, 76 km fa\u0163\u0103 de Alba Iulia \u015fi 135 km fa\u0163\u0103 de Cluj-Napoca. Depresiunea, desf\u0103\u015furat\u0103 \u00een lungul v\u0103ii Ro\u015fia, are forma unui culoar &#8230;<\/p>\n\t\t\t<\/section>\n\t\t<\/article>\n\t\t\t<article class=\"post hentry box\">\n\t\t\t\t\t\t\t<figure class=\"post-thumbnail\">\n\t\t\t\t\t<a href=\"https:\/\/www.adoptaocasa.ro\/en\/despre-rosia-montana\/nota-de-fundamentare-privind-valoarea-universala-a-sitului-rosia-montana\" rel=\"bookmark\">\n\t\t\t\t\t\t<img width=\"222\" height=\"222\" src=\"https:\/\/www.adoptaocasa.ro\/wp-content\/uploads\/2012\/07\/dsc_0028-222x222.jpg\" class=\"attachment-ara-thumb size-ara-thumb wp-post-image\" alt=\"\" loading=\"lazy\" srcset=\"https:\/\/www.adoptaocasa.ro\/wp-content\/uploads\/2012\/07\/dsc_0028-222x222.jpg 222w, https:\/\/www.adoptaocasa.ro\/wp-content\/uploads\/2012\/07\/dsc_0028-150x150.jpg 150w, https:\/\/www.adoptaocasa.ro\/wp-content\/uploads\/2012\/07\/dsc_0028-75x75.jpg 75w\" sizes=\"(max-width: 222px) 100vw, 222px\" \/>\t\t\t\t\t<\/a>\n\t\t\t\t<\/figure>\n\t\t\t\t\t\t<h3><a href=\"https:\/\/www.adoptaocasa.ro\/en\/despre-rosia-montana\/nota-de-fundamentare-privind-valoarea-universala-a-sitului-rosia-montana\" rel=\"bookmark\">Background Note regarding the universal value of The Historic Site of Ro\u015fia Montan\u0103 (ARA Association)<\/a><\/h3>\n\t\t\t<section class=\"entry-summary\">\n\t\t\t\t<p>This document accompanies and supports the request to list the mining heritage of Ro\u015fia Montan\u0103 on Romania\u2019s Tentative List of outstanding cultural properties proposed for the inscription in UNESCO\u2019s World Heritage List, a request filed at the Ministry of Culture and National Heritage on June 11th, 2009 and re-filed on April 27th, 2010. Both the &#8230;<\/p>\n\t\t\t<\/section>\n\t\t<\/article>\n\t\t\t<article class=\"post hentry box\">\n\t\t\t\t\t\t\t<figure class=\"post-thumbnail\">\n\t\t\t\t\t<a href=\"https:\/\/www.adoptaocasa.ro\/en\/despre-rosia-montana\/cazul-rosia-montana-protectie-si-nu-distrugere\" rel=\"bookmark\">\n\t\t\t\t\t\t<img width=\"222\" height=\"222\" src=\"https:\/\/www.adoptaocasa.ro\/wp-content\/uploads\/2012\/07\/Fig.-4-Arnica-Montana-222x222.jpg\" class=\"attachment-ara-thumb size-ara-thumb wp-post-image\" alt=\"\" loading=\"lazy\" srcset=\"https:\/\/www.adoptaocasa.ro\/wp-content\/uploads\/2012\/07\/Fig.-4-Arnica-Montana-222x222.jpg 222w, https:\/\/www.adoptaocasa.ro\/wp-content\/uploads\/2012\/07\/Fig.-4-Arnica-Montana-150x150.jpg 150w, https:\/\/www.adoptaocasa.ro\/wp-content\/uploads\/2012\/07\/Fig.-4-Arnica-Montana-75x75.jpg 75w\" sizes=\"(max-width: 222px) 100vw, 222px\" \/>\t\t\t\t\t<\/a>\n\t\t\t\t<\/figure>\n\t\t\t\t\t\t<h3><a href=\"https:\/\/www.adoptaocasa.ro\/en\/despre-rosia-montana\/cazul-rosia-montana-protectie-si-nu-distrugere\" rel=\"bookmark\">Rosia Montana: a case for protection rather than destruction (John Akeroyd, Andrew Jones)<\/a><\/h3>\n\t\t\t<section class=\"entry-summary\">\n\t\t\t\t<p>Counter-report drawn by independent specialists in biology, farming and habitat management and ecological restoration in 2006, following the assessment of the area concerned by the mining project as lacking major biodiversity interest. We copy a quote from this paper, which describes the area of Ro\u015fia Montan\u0103 as unique both at local and worldwide scale: \u201cThe &#8230;<\/p>\n\t\t\t<\/section>\n\t\t<\/article>\n\t\t\t<article class=\"post hentry box\">\n\t\t\t\t\t\t\t<figure class=\"post-thumbnail\">\n\t\t\t\t\t<a href=\"https:\/\/www.adoptaocasa.ro\/en\/despre-rosia-montana\/test-2\" rel=\"bookmark\">\n\t\t\t\t\t\t<img width=\"222\" height=\"222\" src=\"https:\/\/www.adoptaocasa.ro\/wp-content\/uploads\/2012\/07\/Graphic1-222x222.jpg\" class=\"attachment-ara-thumb size-ara-thumb wp-post-image\" alt=\"\" loading=\"lazy\" srcset=\"https:\/\/www.adoptaocasa.ro\/wp-content\/uploads\/2012\/07\/Graphic1-222x222.jpg 222w, https:\/\/www.adoptaocasa.ro\/wp-content\/uploads\/2012\/07\/Graphic1-150x150.jpg 150w, https:\/\/www.adoptaocasa.ro\/wp-content\/uploads\/2012\/07\/Graphic1-75x75.jpg 75w\" sizes=\"(max-width: 222px) 100vw, 222px\" \/>\t\t\t\t\t<\/a>\n\t\t\t\t<\/figure>\n\t\t\t\t\t\t<h3><a href=\"https:\/\/www.adoptaocasa.ro\/en\/despre-rosia-montana\/test-2\" rel=\"bookmark\">Ancient Gold Mining in Transylvania: The Ro\u015fia Montan\u0103 &#8211; Bucium Area (Horia Ciugudean)<\/a><\/h3>\n\t\t\t<section class=\"entry-summary\">\n\t\t\t\t<p>Although the mining works of Ro\u015fia Montan\u0103 are recognised as \u201chistoric monuments of national and universal value\u201d due to their Roman, medieval and modern components (Law no. 422 \/ 2001), underground archaeological excavations focused almost entirely on research and documentation of the Roman component. The scientific study that we recommend here draws attention on another, &#8230;<\/p>\n\t\t\t<\/section>\n\t\t<\/article>\n\t\t\t<article class=\"post hentry box\">\n\t\t\t\t\t\t\t<figure class=\"post-thumbnail\">\n\t\t\t\t\t<a href=\"https:\/\/www.adoptaocasa.ro\/en\/despre-rosia-montana\/conferinta-rosia-montana-in-universal-history-english-version\" rel=\"bookmark\">\n\t\t\t\t\t\t<img width=\"222\" height=\"222\" src=\"https:\/\/www.adoptaocasa.ro\/wp-content\/uploads\/2012\/07\/ddd-222x222.jpg\" class=\"attachment-ara-thumb size-ara-thumb wp-post-image\" alt=\"\" loading=\"lazy\" srcset=\"https:\/\/www.adoptaocasa.ro\/wp-content\/uploads\/2012\/07\/ddd-222x222.jpg 222w, https:\/\/www.adoptaocasa.ro\/wp-content\/uploads\/2012\/07\/ddd-150x150.jpg 150w, https:\/\/www.adoptaocasa.ro\/wp-content\/uploads\/2012\/07\/ddd-75x75.jpg 75w\" sizes=\"(max-width: 222px) 100vw, 222px\" \/>\t\t\t\t\t<\/a>\n\t\t\t\t<\/figure>\n\t\t\t\t\t\t<h3><a href=\"https:\/\/www.adoptaocasa.ro\/en\/despre-rosia-montana\/conferinta-rosia-montana-in-universal-history-english-version\" rel=\"bookmark\">Papers of the International Conference \u201cRo\u015fia Montan\u0103 in Universal History\u201d<\/a><\/h3>\n\t\t\t<section class=\"entry-summary\">\n\t\t\t\t<p>The papers of the International Conference \u201cRo\u015fia Montan\u0103 in Universal History\u201d, organised by the Babe\u015f-Bolyai University, the Romanian Academy and ICOMOS Romania may be consulted here.<\/p>\n\t\t\t<\/section>\n\t\t<\/article>\n\t\t\t<article class=\"post hentry box\">\n\t\t\t\t\t\t\t<figure class=\"post-thumbnail\">\n\t\t\t\t\t<a href=\"https:\/\/www.adoptaocasa.ro\/en\/despre-rosia-montana\/arhitectura-funerara-la-alburnus-rosia-montana-monumentul-circular\" rel=\"bookmark\">\n\t\t\t\t\t\t<img width=\"222\" height=\"222\" src=\"https:\/\/www.adoptaocasa.ro\/wp-content\/uploads\/2012\/07\/a5_02_10_i0-222x222.jpg\" class=\"attachment-ara-thumb size-ara-thumb wp-post-image\" alt=\"\" loading=\"lazy\" srcset=\"https:\/\/www.adoptaocasa.ro\/wp-content\/uploads\/2012\/07\/a5_02_10_i0-222x222.jpg 222w, https:\/\/www.adoptaocasa.ro\/wp-content\/uploads\/2012\/07\/a5_02_10_i0-150x150.jpg 150w, https:\/\/www.adoptaocasa.ro\/wp-content\/uploads\/2012\/07\/a5_02_10_i0-75x75.jpg 75w\" sizes=\"(max-width: 222px) 100vw, 222px\" \/>\t\t\t\t\t<\/a>\n\t\t\t\t<\/figure>\n\t\t\t\t\t\t<h3><a href=\"https:\/\/www.adoptaocasa.ro\/en\/despre-rosia-montana\/arhitectura-funerara-la-alburnus-rosia-montana-monumentul-circular\" rel=\"bookmark\">Funerary Architecture in Alburnus Maior (Ro\u015fia Montan\u0103): the Circular Monument (Virgil Apostol)<\/a><\/h3>\n\t\t\t<section class=\"entry-summary\">\n\t\t\t\t<p>Archaeological discoveries made to this date at Ro\u015fia Montan\u0103 describe a Roman architectural-archaeological heritage characterized by the disposition in a vast territory of nuclei comprising sacred areas, funerary areas or habitation areas. Some outstanding elements emerged out of this particular archaeological context, such as the Funerary Circular Monument of T\u0103ul G\u0103uri (\u2018Hollows\u2019 Reservoir), an archaeological &#8230;<\/p>\n\t\t\t<\/section>\n\t\t<\/article>\n\t\n<p><\/p>","protected":false},"excerpt":{"rendered":"<p>Ro\u015fia Montan\u0103 is one of the most important and recognized historic sites in Romania. Its 50 listed historic monuments, among which 7 are designated of national and universal value, the numerous valuable historic structures and facilities, as well as its special historic and natural environment, describe the uniqueness of the cultural heritage of Ro\u015fia Montan\u0103 &#8230;<\/p>\n","protected":false},"author":1,"featured_media":0,"parent":0,"menu_order":0,"comment_status":"open","ping_status":"open","template":"","meta":{"_mi_skip_tracking":false,"_monsterinsights_sitenote_active":false,"_monsterinsights_sitenote_note":"","_monsterinsights_sitenote_category":0},"_links":{"self":[{"href":"https:\/\/www.adoptaocasa.ro\/en\/wp-json\/wp\/v2\/pages\/170"}],"collection":[{"href":"https:\/\/www.adoptaocasa.ro\/en\/wp-json\/wp\/v2\/pages"}],"about":[{"href":"https:\/\/www.adoptaocasa.ro\/en\/wp-json\/wp\/v2\/types\/page"}],"author":[{"embeddable":true,"href":"https:\/\/www.adoptaocasa.ro\/en\/wp-json\/wp\/v2\/users\/1"}],"replies":[{"embeddable":true,"href":"https:\/\/www.adoptaocasa.ro\/en\/wp-json\/wp\/v2\/comments?post=170"}],"version-history":[{"count":13,"href":"https:\/\/www.adoptaocasa.ro\/en\/wp-json\/wp\/v2\/pages\/170\/revisions"}],"predecessor-version":[{"id":263,"href":"https:\/\/www.adoptaocasa.ro\/en\/wp-json\/wp\/v2\/pages\/170\/revisions\/263"}],"wp:attachment":[{"href":"https:\/\/www.adoptaocasa.ro\/en\/wp-json\/wp\/v2\/media?parent=170"}],"curies":[{"name":"wp","href":"https:\/\/api.w.org\/{rel}","templated":true}]}}